{"id":11537,"date":"2021-07-07T09:53:26","date_gmt":"2021-07-07T09:53:26","guid":{"rendered":"https:\/\/forestkids.lu\/contact\/"},"modified":"2021-07-07T09:53:27","modified_gmt":"2021-07-07T09:53:27","slug":"contact","status":"publish","type":"page","link":"https:\/\/forestkids.lu\/fr\/contact\/","title":{"rendered":"Contact"},"content":{"rendered":"\t\t<div data-elementor-type=\"wp-page\" data-elementor-id=\"11537\" class=\"elementor elementor-11537 elementor-1074\" data-elementor-settings=\"[]\">\n\t\t\t\t\t\t\t<div class=\"elementor-section-wrap\">\n\t\t\t\t\t\t\t<section class=\"elementor-section elementor-top-section elementor-element elementor-element-77eddad elementor-section-content-bottom elementor-section-height-min-height elementor-section-items-stretch elementor-section-boxed elementor-section-height-default\" data-id=\"77eddad\" data-element_type=\"section\" data-settings=\"{&quot;background_background&quot;:&quot;classic&quot;,&quot;animation&quot;:&quot;none&quot;,&quot;shape_divider_bottom&quot;:&quot;vamtam-waves&quot;,&quot;shape_divider_top&quot;:&quot;vamtam-waves&quot;}\">\n\t\t\t\t\t\t<div class=\"elementor-container elementor-column-gap-default\">\n\t\t\t\t\t<div class=\"elementor-column elementor-col-50 elementor-top-column elementor-element elementor-element-caa7aa0\" data-id=\"caa7aa0\" data-element_type=\"column\">\n\t\t\t<div class=\"elementor-widget-wrap elementor-element-populated\">\n\t\t\t\t\t\t\t\t<div class=\"elementor-element elementor-element-b6d34ce animated-fast elementor-invisible elementor-widget elementor-widget-text-editor\" data-id=\"b6d34ce\" data-element_type=\"widget\" data-settings=\"{&quot;_animation&quot;:&quot;fadeIn&quot;,&quot;_animation_delay&quot;:200}\" data-widget_type=\"text-editor.default\">\n\t\t\t\t<div class=\"elementor-widget-container\">\n\t\t\t\t\t\t\t\t\t\t\t\t\t<\/div>\n\t\t\t\t<\/div>\n\t\t\t\t\t<\/div>\n\t\t<\/div>\n\t\t\t\t<div class=\"elementor-column elementor-col-50 elementor-top-column elementor-element elementor-element-028ef37\" data-id=\"028ef37\" data-element_type=\"column\">\n\t\t\t<div class=\"elementor-widget-wrap elementor-element-populated\">\n\t\t\t\t\t\t\t\t<div class=\"elementor-element elementor-element-2d19b33 elementor-invisible elementor-widget elementor-widget-image\" data-id=\"2d19b33\" data-element_type=\"widget\" data-settings=\"{&quot;_animation&quot;:&quot;bounceInUp&quot;,&quot;motion_fx_scale_effect&quot;:&quot;yes&quot;,&quot;motion_fx_scale_direction&quot;:&quot;in-out&quot;,&quot;motion_fx_scale_range&quot;:{&quot;unit&quot;:&quot;%&quot;,&quot;size&quot;:&quot;&quot;,&quot;sizes&quot;:{&quot;start&quot;:50,&quot;end&quot;:100}},&quot;motion_fx_motion_fx_scrolling&quot;:&quot;yes&quot;,&quot;motion_fx_scale_speed&quot;:{&quot;unit&quot;:&quot;px&quot;,&quot;size&quot;:6,&quot;sizes&quot;:[]},&quot;motion_fx_devices&quot;:[&quot;desktop&quot;]}\" data-widget_type=\"image.default\">\n\t\t\t\t<div class=\"elementor-widget-container\">\n\t\t\t\t\t\t\t\t\t\t\t\t\t\t\t<img loading=\"lazy\" decoding=\"async\" width=\"1\" height=\"1\" src=\"https:\/\/forestkids.lu\/wp-content\/uploads\/2019\/11\/illustration-tree-2.svg\" class=\"attachment-large size-large\" alt=\"\" \/>\t\t\t\t\t\t\t\t\t\t\t\t\t\t\t<\/div>\n\t\t\t\t<\/div>\n\t\t\t\t\t<\/div>\n\t\t<\/div>\n\t\t\t\t\t\t\t<\/div>\n\t\t<\/section>\n\t\t\t\t<section class=\"elementor-section elementor-inner-section elementor-element elementor-element-5ec564b7 elementor-reverse-mobile elementor-section-boxed elementor-section-height-default elementor-section-height-default\" data-id=\"5ec564b7\" data-element_type=\"section\" data-settings=\"{&quot;background_background&quot;:&quot;classic&quot;,&quot;background_motion_fx_motion_fx_scrolling&quot;:&quot;yes&quot;,&quot;background_motion_fx_translateX_effect&quot;:&quot;yes&quot;,&quot;background_motion_fx_translateX_speed&quot;:{&quot;unit&quot;:&quot;px&quot;,&quot;size&quot;:10,&quot;sizes&quot;:[]},&quot;background_motion_fx_translateX_affectedRange&quot;:{&quot;unit&quot;:&quot;%&quot;,&quot;size&quot;:&quot;&quot;,&quot;sizes&quot;:{&quot;start&quot;:31,&quot;end&quot;:100}},&quot;background_motion_fx_devices&quot;:[&quot;desktop&quot;,&quot;tablet&quot;,&quot;mobile&quot;]}\">\n\t\t\t\t\t\t<div class=\"elementor-container elementor-column-gap-default\">\n\t\t\t\t\t<div class=\"elementor-column elementor-col-50 elementor-inner-column elementor-element elementor-element-4b7b9e7f\" data-id=\"4b7b9e7f\" data-element_type=\"column\">\n\t\t\t<div class=\"elementor-widget-wrap elementor-element-populated\">\n\t\t\t\t\t\t\t\t<div class=\"elementor-element elementor-element-3ecbff7 elementor-widget elementor-widget-spacer\" data-id=\"3ecbff7\" data-element_type=\"widget\" data-widget_type=\"spacer.default\">\n\t\t\t\t<div class=\"elementor-widget-container\">\n\t\t\t\t\t<div class=\"elementor-spacer\">\n\t\t\t<div class=\"elementor-spacer-inner\"><\/div>\n\t\t<\/div>\n\t\t\t\t<\/div>\n\t\t\t\t<\/div>\n\t\t\t\t<div class=\"elementor-element elementor-element-53860a44 elementor-widget elementor-widget-image\" data-id=\"53860a44\" data-element_type=\"widget\" data-settings=\"{&quot;motion_fx_motion_fx_scrolling&quot;:&quot;yes&quot;,&quot;motion_fx_translateX_effect&quot;:&quot;yes&quot;,&quot;motion_fx_translateX_direction&quot;:&quot;negative&quot;,&quot;motion_fx_translateX_speed&quot;:{&quot;unit&quot;:&quot;px&quot;,&quot;size&quot;:1,&quot;sizes&quot;:[]},&quot;motion_fx_translateX_affectedRange&quot;:{&quot;unit&quot;:&quot;%&quot;,&quot;size&quot;:&quot;&quot;,&quot;sizes&quot;:{&quot;start&quot;:0,&quot;end&quot;:54}},&quot;motion_fx_devices&quot;:[&quot;desktop&quot;]}\" data-widget_type=\"image.default\">\n\t\t\t\t<div class=\"elementor-widget-container\">\n\t\t\t\t\t\t\t\t\t\t\t\t\t\t\t<img decoding=\"async\" src=\"https:\/\/skole.vamtam.com\/wp-content\/uploads\/2019\/11\/illustration-people-2.svg\" title=\"\" alt=\"\" \/>\t\t\t\t\t\t\t\t\t\t\t\t\t\t\t<\/div>\n\t\t\t\t<\/div>\n\t\t\t\t<div class=\"elementor-element elementor-element-2b04cc15 elementor-widget elementor-widget-text-editor\" data-id=\"2b04cc15\" data-element_type=\"widget\" data-widget_type=\"text-editor.default\">\n\t\t\t\t<div class=\"elementor-widget-container\">\n\t\t\t\t\t\t\t<\/p>\n<p><strong>Email:<\/strong><br \/><a href=\"mailto:hello@forestkids.lu\">hello@forestkids.lu<\/a><\/p>\n\t\t\t\t\t\t<\/div>\n\t\t\t\t<\/div>\n\t\t\t\t\t<\/div>\n\t\t<\/div>\n\t\t\t\t<div class=\"elementor-column elementor-col-50 elementor-inner-column elementor-element elementor-element-2d7ec1cc\" data-id=\"2d7ec1cc\" data-element_type=\"column\">\n\t\t\t<div class=\"elementor-widget-wrap elementor-element-populated\">\n\t\t\t\t\t\t\t\t<div class=\"elementor-element elementor-element-bb48e66 elementor-widget elementor-widget-spacer\" data-id=\"bb48e66\" data-element_type=\"widget\" data-widget_type=\"spacer.default\">\n\t\t\t\t<div class=\"elementor-widget-container\">\n\t\t\t\t\t<div class=\"elementor-spacer\">\n\t\t\t<div class=\"elementor-spacer-inner\"><\/div>\n\t\t<\/div>\n\t\t\t\t<\/div>\n\t\t\t\t<\/div>\n\t\t\t\t<div class=\"elementor-element elementor-element-751f41b3 elementor-widget elementor-widget-heading\" data-id=\"751f41b3\" data-element_type=\"widget\" data-widget_type=\"heading.default\">\n\t\t\t\t<div class=\"elementor-widget-container\">\n\t\t\t<h2 class=\"elementor-heading-title elementor-size-default\">Nous serions ravis de prendre contact avec vous !<\/h2>\t\t<\/div>\n\t\t\t\t<\/div>\n\t\t\t\t<div class=\"elementor-element elementor-element-3aa1e5e4 elementor-widget elementor-widget-text-editor\" data-id=\"3aa1e5e4\" data-element_type=\"widget\" data-widget_type=\"text-editor.default\">\n\t\t\t\t<div class=\"elementor-widget-container\">\n\t\t\t\t\t\t\t<p>Relions notre avenir \u00e0 la nature ! Nous aimerions faire votre connaissance et recevoir vos id\u00e9es.<\/p>\n\t\t\t\t\t\t<\/div>\n\t\t\t\t<\/div>\n\t\t\t\t<div class=\"elementor-element elementor-element-4114786a elementor-button-align-start elementor-widget elementor-widget-form\" data-id=\"4114786a\" data-element_type=\"widget\" data-settings=\"{&quot;step_next_label&quot;:&quot;Next&quot;,&quot;step_previous_label&quot;:&quot;Previous&quot;,&quot;button_width&quot;:&quot;100&quot;,&quot;step_type&quot;:&quot;number_text&quot;,&quot;step_icon_shape&quot;:&quot;circle&quot;}\" data-widget_type=\"form.default\">\n\t\t\t\t<div class=\"elementor-widget-container\">\n\t\t\t\t\t<form class=\"elementor-form\" method=\"post\" name=\"Nouveau formulaire\">\n\t\t\t<input type=\"hidden\" name=\"post_id\" value=\"11537\"\/>\n\t\t\t<input type=\"hidden\" name=\"form_id\" value=\"4114786a\"\/>\n\t\t\t<input type=\"hidden\" name=\"referer_title\" value=\"Forestkids\" \/>\n\n\t\t\t\n\t\t\t<div class=\"elementor-form-fields-wrapper elementor-labels-\">\n\t\t\t\t\t\t\t\t<div class=\"elementor-field-type-text elementor-field-group elementor-column elementor-field-group-name elementor-col-50 elementor-field-required\">\n\t\t\t\t\t<input size=\"1\" type=\"text\" name=\"form_fields[name]\" id=\"form-field-name\" class=\"elementor-field elementor-size-md  elementor-field-textual\" placeholder=\"Pr\u00e9nom\" required=\"required\" aria-required=\"true\">\t\t\t\t<\/div>\n\t\t\t\t\t\t\t\t<div class=\"elementor-field-type-text elementor-field-group elementor-column elementor-field-group-field_1 elementor-col-50 elementor-field-required\">\n\t\t\t\t\t<input size=\"1\" type=\"text\" name=\"form_fields[field_1]\" id=\"form-field-field_1\" class=\"elementor-field elementor-size-md  elementor-field-textual\" placeholder=\"Nom de famille\" required=\"required\" aria-required=\"true\">\t\t\t\t<\/div>\n\t\t\t\t\t\t\t\t<div class=\"elementor-field-type-email elementor-field-group elementor-column elementor-field-group-email elementor-col-100 elementor-field-required\">\n\t\t\t\t\t<input size=\"1\" type=\"email\" name=\"form_fields[email]\" id=\"form-field-email\" class=\"elementor-field elementor-size-md  elementor-field-textual\" placeholder=\"Courriel \" required=\"required\" aria-required=\"true\">\t\t\t\t<\/div>\n\t\t\t\t\t\t\t\t<div class=\"elementor-field-type-text elementor-field-group elementor-column elementor-field-group-field_3 elementor-col-50\">\n\t\t\t\t\t<input size=\"1\" type=\"text\" name=\"form_fields[field_3]\" id=\"form-field-field_3\" class=\"elementor-field elementor-size-md  elementor-field-textual\" placeholder=\"Num\u00e9ro de t\u00e9l\u00e9phone\">\t\t\t\t<\/div>\n\t\t\t\t\t\t\t\t<div class=\"elementor-field-type-select elementor-field-group elementor-column elementor-field-group-field_2 elementor-col-50\">\n\t\t\t\t\t\t\t<div class=\"elementor-field elementor-select-wrapper \">\n\t\t\t<select name=\"form_fields[field_2]\" id=\"form-field-field_2\" class=\"elementor-field-textual elementor-size-md\">\n\t\t\t\t<option value=\"Planetary Trail\">Planetary Trail<\/option><option value=\"Photoshooting\">Photoshooting<\/option><option value=\"Devenir un partenaire\">Devenir un partenaire<\/option><option value=\"Devenir ambassadeur\">Devenir ambassadeur<\/option><option value=\"Envoyez-moi plus d&#039;informations\">Envoyez-moi plus d&#039;informations<\/option><option value=\"Autre\">Autre<\/option>\t\t\t<\/select>\n\t\t<\/div>\n\t\t\t\t\t\t<\/div>\n\t\t\t\t\t\t\t\t<div class=\"elementor-field-type-textarea elementor-field-group elementor-column elementor-field-group-field_5 elementor-col-100\">\n\t\t\t\t\t<textarea class=\"elementor-field-textual elementor-field  elementor-size-md\" name=\"form_fields[field_5]\" id=\"form-field-field_5\" rows=\"4\" placeholder=\"Votre message texte\"><\/textarea>\t\t\t\t<\/div>\n\t\t\t\t\t\t\t\t<div class=\"elementor-field-group elementor-column elementor-field-type-submit elementor-col-100 e-form__buttons\">\n\t\t\t\t\t<button type=\"submit\" class=\"elementor-button elementor-size-sm elementor-animation-grow\">\n\t\t\t\t\t\t<span >\n\t\t\t\t\t\t\t\t\t\t\t\t\t\t\t<span class=\" elementor-button-icon\">\n\t\t\t\t\t\t\t\t\t\t\t\t\t\t\t\t\t\t\t\t\t\t\t\t\t\t<\/span>\n\t\t\t\t\t\t\t\t\t\t\t\t\t\t\t\t\t\t\t\t\t\t<span class=\"elementor-button-text\">Soumettre<\/span>\n\t\t\t\t\t\t\t\t\t\t\t\t\t<\/span>\n\t\t\t\t\t<\/button>\n\t\t\t\t<\/div>\n\t\t\t<\/div>\n\t\t<\/form>\n\t\t\t\t<\/div>\n\t\t\t\t<\/div>\n\t\t\t\t<div class=\"elementor-element elementor-element-12cd412 elementor-widget elementor-widget-spacer\" data-id=\"12cd412\" data-element_type=\"widget\" data-widget_type=\"spacer.default\">\n\t\t\t\t<div class=\"elementor-widget-container\">\n\t\t\t\t\t<div class=\"elementor-spacer\">\n\t\t\t<div class=\"elementor-spacer-inner\"><\/div>\n\t\t<\/div>\n\t\t\t\t<\/div>\n\t\t\t\t<\/div>\n\t\t\t\t\t<\/div>\n\t\t<\/div>\n\t\t\t\t\t\t\t<\/div>\n\t\t<\/section>\n\t\t\t\t\t\t<\/div>\n\t\t\t\t\t<\/div>\n\t\t","protected":false},"excerpt":{"rendered":"<p>Email:hello@forestkids.lu Nous serions ravis de prendre contact avec vous ! Relions notre avenir \u00e0 la nature ! Nous aimerions faire votre connaissance et recevoir vos id\u00e9es.<\/p>\n","protected":false},"author":2,"featured_media":0,"parent":0,"menu_order":0,"comment_status":"closed","ping_status":"closed","template":"","meta":{"_monsterinsights_skip_tracking":false,"_monsterinsights_sitenote_active":false,"_monsterinsights_sitenote_note":"","_monsterinsights_sitenote_category":0,"footnotes":""},"class_list":["post-11537","page","type-page","status-publish","hentry"],"yoast_head":"<!-- This site is optimized with the Yoast SEO plugin v19.9 - https:\/\/yoast.com\/wordpress\/plugins\/seo\/ -->\n<title>Forest Kids | Connecter les enfants \u00e0 la nature | Contact<\/title>\n<meta name=\"description\" content=\"Forest Kids \u2705 Relier les enfants \u00e0 la nature \u2705 Contactez-nous pour en savoir plus sur les conseils, astuces et \u00e9v\u00e9nements autour du Luxembourg \u2705\" \/>\n<meta name=\"robots\" content=\"index, follow, max-snippet:-1, max-image-preview:large, max-video-preview:-1\" \/>\n<link rel=\"canonical\" href=\"https:\/\/forestkids.lu\/fr\/contact\/\" \/>\n<meta property=\"og:locale\" content=\"fr_FR\" \/>\n<meta property=\"og:type\" content=\"article\" \/>\n<meta property=\"og:title\" content=\"Forest Kids | Connecter les enfants \u00e0 la nature | Contact\" \/>\n<meta property=\"og:description\" content=\"Forest Kids \u2705 Relier les enfants \u00e0 la nature \u2705 Contactez-nous pour en savoir plus sur les conseils, astuces et \u00e9v\u00e9nements autour du Luxembourg \u2705\" \/>\n<meta property=\"og:url\" content=\"https:\/\/forestkids.lu\/fr\/contact\/\" \/>\n<meta property=\"og:site_name\" content=\"Forestkids\" \/>\n<meta property=\"article:modified_time\" content=\"2021-07-07T09:53:27+00:00\" \/>\n<meta property=\"og:image\" content=\"https:\/\/forestkids.lu\/wp-content\/uploads\/2019\/11\/illustration-tree-2.svg\" \/>\n<meta name=\"twitter:card\" content=\"summary_large_image\" \/>\n<script type=\"application\/ld+json\" class=\"yoast-schema-graph\">{\"@context\":\"https:\/\/schema.org\",\"@graph\":[{\"@type\":\"WebPage\",\"@id\":\"https:\/\/forestkids.lu\/fr\/contact\/\",\"url\":\"https:\/\/forestkids.lu\/fr\/contact\/\",\"name\":\"Forest Kids | Connecter les enfants \u00e0 la nature | Contact\",\"isPartOf\":{\"@id\":\"https:\/\/forestkids.lu\/#website\"},\"datePublished\":\"2021-07-07T09:53:26+00:00\",\"dateModified\":\"2021-07-07T09:53:27+00:00\",\"description\":\"Forest Kids \u2705 Relier les enfants \u00e0 la nature \u2705 Contactez-nous pour en savoir plus sur les conseils, astuces et \u00e9v\u00e9nements autour du Luxembourg \u2705\",\"breadcrumb\":{\"@id\":\"https:\/\/forestkids.lu\/fr\/contact\/#breadcrumb\"},\"inLanguage\":\"fr-FR\",\"potentialAction\":[{\"@type\":\"ReadAction\",\"target\":[\"https:\/\/forestkids.lu\/fr\/contact\/\"]}]},{\"@type\":\"BreadcrumbList\",\"@id\":\"https:\/\/forestkids.lu\/fr\/contact\/#breadcrumb\",\"itemListElement\":[{\"@type\":\"ListItem\",\"position\":1,\"name\":\"Startseite\",\"item\":\"https:\/\/forestkids.lu\/fr\/\"},{\"@type\":\"ListItem\",\"position\":2,\"name\":\"Contact\"}]},{\"@type\":\"WebSite\",\"@id\":\"https:\/\/forestkids.lu\/#website\",\"url\":\"https:\/\/forestkids.lu\/\",\"name\":\"Forestkids\",\"description\":\"\",\"publisher\":{\"@id\":\"https:\/\/forestkids.lu\/#organization\"},\"potentialAction\":[{\"@type\":\"SearchAction\",\"target\":{\"@type\":\"EntryPoint\",\"urlTemplate\":\"https:\/\/forestkids.lu\/?s={search_term_string}\"},\"query-input\":\"required name=search_term_string\"}],\"inLanguage\":\"fr-FR\"},{\"@type\":\"Organization\",\"@id\":\"https:\/\/forestkids.lu\/#organization\",\"name\":\"Forestkids\",\"url\":\"https:\/\/forestkids.lu\/\",\"logo\":{\"@type\":\"ImageObject\",\"inLanguage\":\"fr-FR\",\"@id\":\"https:\/\/forestkids.lu\/#\/schema\/logo\/image\/\",\"url\":\"https:\/\/forestkids.lu\/wp-content\/uploads\/2019\/10\/Logo-skole.svg\",\"contentUrl\":\"https:\/\/forestkids.lu\/wp-content\/uploads\/2019\/10\/Logo-skole.svg\",\"caption\":\"Forestkids\"},\"image\":{\"@id\":\"https:\/\/forestkids.lu\/#\/schema\/logo\/image\/\"}}]}<\/script>\n<!-- \/ Yoast SEO plugin. -->","yoast_head_json":{"title":"Forest Kids | Connecter les enfants \u00e0 la nature | Contact","description":"Forest Kids \u2705 Relier les enfants \u00e0 la nature \u2705 Contactez-nous pour en savoir plus sur les conseils, astuces et \u00e9v\u00e9nements autour du Luxembourg \u2705","robots":{"index":"index","follow":"follow","max-snippet":"max-snippet:-1","max-image-preview":"max-image-preview:large","max-video-preview":"max-video-preview:-1"},"canonical":"https:\/\/forestkids.lu\/fr\/contact\/","og_locale":"fr_FR","og_type":"article","og_title":"Forest Kids | Connecter les enfants \u00e0 la nature | Contact","og_description":"Forest Kids \u2705 Relier les enfants \u00e0 la nature \u2705 Contactez-nous pour en savoir plus sur les conseils, astuces et \u00e9v\u00e9nements autour du Luxembourg \u2705","og_url":"https:\/\/forestkids.lu\/fr\/contact\/","og_site_name":"Forestkids","article_modified_time":"2021-07-07T09:53:27+00:00","og_image":[{"url":"https:\/\/forestkids.lu\/wp-content\/uploads\/2019\/11\/illustration-tree-2.svg"}],"twitter_card":"summary_large_image","schema":{"@context":"https:\/\/schema.org","@graph":[{"@type":"WebPage","@id":"https:\/\/forestkids.lu\/fr\/contact\/","url":"https:\/\/forestkids.lu\/fr\/contact\/","name":"Forest Kids | Connecter les enfants \u00e0 la nature | Contact","isPartOf":{"@id":"https:\/\/forestkids.lu\/#website"},"datePublished":"2021-07-07T09:53:26+00:00","dateModified":"2021-07-07T09:53:27+00:00","description":"Forest Kids \u2705 Relier les enfants \u00e0 la nature \u2705 Contactez-nous pour en savoir plus sur les conseils, astuces et \u00e9v\u00e9nements autour du Luxembourg \u2705","breadcrumb":{"@id":"https:\/\/forestkids.lu\/fr\/contact\/#breadcrumb"},"inLanguage":"fr-FR","potentialAction":[{"@type":"ReadAction","target":["https:\/\/forestkids.lu\/fr\/contact\/"]}]},{"@type":"BreadcrumbList","@id":"https:\/\/forestkids.lu\/fr\/contact\/#breadcrumb","itemListElement":[{"@type":"ListItem","position":1,"name":"Startseite","item":"https:\/\/forestkids.lu\/fr\/"},{"@type":"ListItem","position":2,"name":"Contact"}]},{"@type":"WebSite","@id":"https:\/\/forestkids.lu\/#website","url":"https:\/\/forestkids.lu\/","name":"Forestkids","description":"","publisher":{"@id":"https:\/\/forestkids.lu\/#organization"},"potentialAction":[{"@type":"SearchAction","target":{"@type":"EntryPoint","urlTemplate":"https:\/\/forestkids.lu\/?s={search_term_string}"},"query-input":"required name=search_term_string"}],"inLanguage":"fr-FR"},{"@type":"Organization","@id":"https:\/\/forestkids.lu\/#organization","name":"Forestkids","url":"https:\/\/forestkids.lu\/","logo":{"@type":"ImageObject","inLanguage":"fr-FR","@id":"https:\/\/forestkids.lu\/#\/schema\/logo\/image\/","url":"https:\/\/forestkids.lu\/wp-content\/uploads\/2019\/10\/Logo-skole.svg","contentUrl":"https:\/\/forestkids.lu\/wp-content\/uploads\/2019\/10\/Logo-skole.svg","caption":"Forestkids"},"image":{"@id":"https:\/\/forestkids.lu\/#\/schema\/logo\/image\/"}}]}},"_links":{"self":[{"href":"https:\/\/forestkids.lu\/fr\/wp-json\/wp\/v2\/pages\/11537","targetHints":{"allow":["GET"]}}],"collection":[{"href":"https:\/\/forestkids.lu\/fr\/wp-json\/wp\/v2\/pages"}],"about":[{"href":"https:\/\/forestkids.lu\/fr\/wp-json\/wp\/v2\/types\/page"}],"author":[{"embeddable":true,"href":"https:\/\/forestkids.lu\/fr\/wp-json\/wp\/v2\/users\/2"}],"replies":[{"embeddable":true,"href":"https:\/\/forestkids.lu\/fr\/wp-json\/wp\/v2\/comments?post=11537"}],"version-history":[{"count":1,"href":"https:\/\/forestkids.lu\/fr\/wp-json\/wp\/v2\/pages\/11537\/revisions"}],"predecessor-version":[{"id":11538,"href":"https:\/\/forestkids.lu\/fr\/wp-json\/wp\/v2\/pages\/11537\/revisions\/11538"}],"wp:attachment":[{"href":"https:\/\/forestkids.lu\/fr\/wp-json\/wp\/v2\/media?parent=11537"}],"curies":[{"name":"wp","href":"https:\/\/api.w.org\/{rel}","templated":true}]}}